{"id":2,"date":"2024-01-21T21:07:48","date_gmt":"2024-01-21T20:07:48","guid":{"rendered":"https:\/\/creation-site-internet-gard.com\/?page_id=2"},"modified":"2024-01-26T08:17:31","modified_gmt":"2024-01-26T07:17:31","slug":"referencement_hebergement","status":"publish","type":"page","link":"https:\/\/creation-site-internet-gard.com\/index.php\/referencement_hebergement\/","title":{"rendered":"Referencement"},"content":{"rendered":"\n<h2 class=\"wp-block-heading\">Le r\u00e9f\u00e9rencement<\/h2>\n\n\n\n<p><br>Il permet \u00e0 votre site internet de se positionner sur les moteurs de recherche, comme Google par exemple. Lorsque vous effectuez une recherche, c\u2019est pour trouver un site qui vous apporte une r\u00e9ponse.<\/p>\n\n\n\n<p>Un site clair, avec un contenu int\u00e9ressant qui attirera votre attention : c&rsquo;est exactement ce que nous vous proposons pour votre site internet : 85% des internautes restent sur la premi\u00e8re page de google, \u00eatre sur la premi\u00e8re page assure une bonne communication.<\/p>\n\n\n\n<p>Etre vu sur internet<br>Je vous propose de prendre votre site en main et de travailler le r\u00e9f\u00e9rencement de votre site avec des outils de gestion adapt\u00e9s \u00e0 une strat\u00e9gie de communication efficace.<\/p>\n\n\n\n<p>Mise \u00e0 disposition d&rsquo;outils de contr\u00f4le<br>Nous int\u00e9grons dans tous nos sites internet un panneau de contr\u00f4le vous permettant de conna\u00eetre le nombre de visiteurs, le lieu de connexion, les mots cl\u00e9 utilis\u00e9s, le type de navigateur, le temps moyen pass\u00e9 sur votre site, le nombre de pages visit\u00e9es\u2026<\/p>\n\n\n\n<p>Ce panneau de contr\u00f4le vous permet de d\u00e9finir votre strat\u00e9gie de communication et d&rsquo;optimiser votre site internet afin qu&rsquo;il r\u00e9ponde au mieux \u00e0 votre client\u00e8le.<\/p>\n","protected":false},"excerpt":{"rendered":"<p>Le r\u00e9f\u00e9rencement Il permet \u00e0 votre site internet de se positionner sur les moteurs de recherche, comme Google par exemple. Lorsque vous effectuez une recherche, c\u2019est pour trouver un site qui vous apporte une r\u00e9ponse. Un site clair, avec un contenu int\u00e9ressant qui attirera votre attention : c&rsquo;est exactement ce que nous vous proposons pour [&hellip;]<\/p>\n","protected":false},"author":1,"featured_media":0,"parent":0,"menu_order":0,"comment_status":"closed","ping_status":"closed","template":"","meta":{"_et_pb_use_builder":"","_et_pb_old_content":"","_et_gb_content_width":"","footnotes":""},"class_list":["post-2","page","type-page","status-publish","hentry"],"yoast_head":"<!-- This site is optimized with the Yoast SEO plugin v27.1.1 - https:\/\/yoast.com\/product\/yoast-seo-wordpress\/ -->\n<title>Referencement - Media web vision<\/title>\n<meta name=\"description\" content=\"Collaborez avec M\u00e9dia Web Vision pour un site parfaitement r\u00e9f\u00e9renc\u00e9. B\u00e9n\u00e9ficiez d&#039;un r\u00e9f\u00e9rencement naturel puissant qui propulsera votre site parmi les premi\u00e8res r\u00e9ponses sur les moteurs de recherche.\" \/>\n<meta name=\"robots\" content=\"index, follow, max-snippet:-1, max-image-preview:large, max-video-preview:-1\" \/>\n<link rel=\"canonical\" href=\"https:\/\/creation-site-internet-gard.com\/index.php\/referencement_hebergement\/\" \/>\n<meta property=\"og:locale\" content=\"fr_FR\" \/>\n<meta property=\"og:type\" content=\"article\" \/>\n<meta property=\"og:title\" content=\"Referencement - Media web vision\" \/>\n<meta property=\"og:description\" content=\"Collaborez avec M\u00e9dia Web Vision pour un site parfaitement r\u00e9f\u00e9renc\u00e9. B\u00e9n\u00e9ficiez d&#039;un r\u00e9f\u00e9rencement naturel puissant qui propulsera votre site parmi les premi\u00e8res r\u00e9ponses sur les moteurs de recherche.\" \/>\n<meta property=\"og:url\" content=\"https:\/\/creation-site-internet-gard.com\/index.php\/referencement_hebergement\/\" \/>\n<meta property=\"og:site_name\" content=\"Media web vision\" \/>\n<meta property=\"article:publisher\" content=\"https:\/\/www.facebook.com\/gabriel.montaigulancelin.7\/\" \/>\n<meta property=\"article:modified_time\" content=\"2024-01-26T07:17:31+00:00\" \/>\n<meta name=\"twitter:card\" content=\"summary_large_image\" \/>\n<meta name=\"twitter:label1\" content=\"Dur\u00e9e de lecture estim\u00e9e\" \/>\n\t<meta name=\"twitter:data1\" content=\"1 minute\" \/>\n<script type=\"application\/ld+json\" class=\"yoast-schema-graph\">{\"@context\":\"https:\/\/schema.org\",\"@graph\":[{\"@type\":\"WebPage\",\"@id\":\"https:\/\/creation-site-internet-gard.com\/index.php\/referencement_hebergement\/\",\"url\":\"https:\/\/creation-site-internet-gard.com\/index.php\/referencement_hebergement\/\",\"name\":\"Referencement - Media web vision\",\"isPartOf\":{\"@id\":\"https:\/\/creation-site-internet-gard.com\/#website\"},\"datePublished\":\"2024-01-21T20:07:48+00:00\",\"dateModified\":\"2024-01-26T07:17:31+00:00\",\"description\":\"Collaborez avec M\u00e9dia Web Vision pour un site parfaitement r\u00e9f\u00e9renc\u00e9. B\u00e9n\u00e9ficiez d'un r\u00e9f\u00e9rencement naturel puissant qui propulsera votre site parmi les premi\u00e8res r\u00e9ponses sur les moteurs de recherche.\",\"breadcrumb\":{\"@id\":\"https:\/\/creation-site-internet-gard.com\/index.php\/referencement_hebergement\/#breadcrumb\"},\"inLanguage\":\"fr-FR\",\"potentialAction\":[{\"@type\":\"ReadAction\",\"target\":[\"https:\/\/creation-site-internet-gard.com\/index.php\/referencement_hebergement\/\"]}]},{\"@type\":\"BreadcrumbList\",\"@id\":\"https:\/\/creation-site-internet-gard.com\/index.php\/referencement_hebergement\/#breadcrumb\",\"itemListElement\":[{\"@type\":\"ListItem\",\"position\":1,\"name\":\"Accueil\",\"item\":\"https:\/\/creation-site-internet-gard.com\/\"},{\"@type\":\"ListItem\",\"position\":2,\"name\":\"Referencement\"}]},{\"@type\":\"WebSite\",\"@id\":\"https:\/\/creation-site-internet-gard.com\/#website\",\"url\":\"https:\/\/creation-site-internet-gard.com\/\",\"name\":\"Media web vision\",\"description\":\"Cr\u00e9ateur de site internet dans le Gard et l&#039;Ard\u00e8che\",\"publisher\":{\"@id\":\"https:\/\/creation-site-internet-gard.com\/#organization\"},\"potentialAction\":[{\"@type\":\"SearchAction\",\"target\":{\"@type\":\"EntryPoint\",\"urlTemplate\":\"https:\/\/creation-site-internet-gard.com\/?s={search_term_string}\"},\"query-input\":{\"@type\":\"PropertyValueSpecification\",\"valueRequired\":true,\"valueName\":\"search_term_string\"}}],\"inLanguage\":\"fr-FR\"},{\"@type\":\"Organization\",\"@id\":\"https:\/\/creation-site-internet-gard.com\/#organization\",\"name\":\"Media web vision\",\"url\":\"https:\/\/creation-site-internet-gard.com\/\",\"logo\":{\"@type\":\"ImageObject\",\"inLanguage\":\"fr-FR\",\"@id\":\"https:\/\/creation-site-internet-gard.com\/#\/schema\/logo\/image\/\",\"url\":\"https:\/\/creation-site-internet-gard.com\/wp-content\/uploads\/2024\/01\/logo-media-web-vision-nb.png\",\"contentUrl\":\"https:\/\/creation-site-internet-gard.com\/wp-content\/uploads\/2024\/01\/logo-media-web-vision-nb.png\",\"width\":1515,\"height\":854,\"caption\":\"Media web vision\"},\"image\":{\"@id\":\"https:\/\/creation-site-internet-gard.com\/#\/schema\/logo\/image\/\"},\"sameAs\":[\"https:\/\/www.facebook.com\/gabriel.montaigulancelin.7\/\"]}]}<\/script>\n<!-- \/ Yoast SEO plugin. -->","yoast_head_json":{"title":"Referencement - Media web vision","description":"Collaborez avec M\u00e9dia Web Vision pour un site parfaitement r\u00e9f\u00e9renc\u00e9. B\u00e9n\u00e9ficiez d'un r\u00e9f\u00e9rencement naturel puissant qui propulsera votre site parmi les premi\u00e8res r\u00e9ponses sur les moteurs de recherche.","robots":{"index":"index","follow":"follow","max-snippet":"max-snippet:-1","max-image-preview":"max-image-preview:large","max-video-preview":"max-video-preview:-1"},"canonical":"https:\/\/creation-site-internet-gard.com\/index.php\/referencement_hebergement\/","og_locale":"fr_FR","og_type":"article","og_title":"Referencement - Media web vision","og_description":"Collaborez avec M\u00e9dia Web Vision pour un site parfaitement r\u00e9f\u00e9renc\u00e9. B\u00e9n\u00e9ficiez d'un r\u00e9f\u00e9rencement naturel puissant qui propulsera votre site parmi les premi\u00e8res r\u00e9ponses sur les moteurs de recherche.","og_url":"https:\/\/creation-site-internet-gard.com\/index.php\/referencement_hebergement\/","og_site_name":"Media web vision","article_publisher":"https:\/\/www.facebook.com\/gabriel.montaigulancelin.7\/","article_modified_time":"2024-01-26T07:17:31+00:00","twitter_card":"summary_large_image","twitter_misc":{"Dur\u00e9e de lecture estim\u00e9e":"1 minute"},"schema":{"@context":"https:\/\/schema.org","@graph":[{"@type":"WebPage","@id":"https:\/\/creation-site-internet-gard.com\/index.php\/referencement_hebergement\/","url":"https:\/\/creation-site-internet-gard.com\/index.php\/referencement_hebergement\/","name":"Referencement - Media web vision","isPartOf":{"@id":"https:\/\/creation-site-internet-gard.com\/#website"},"datePublished":"2024-01-21T20:07:48+00:00","dateModified":"2024-01-26T07:17:31+00:00","description":"Collaborez avec M\u00e9dia Web Vision pour un site parfaitement r\u00e9f\u00e9renc\u00e9. B\u00e9n\u00e9ficiez d'un r\u00e9f\u00e9rencement naturel puissant qui propulsera votre site parmi les premi\u00e8res r\u00e9ponses sur les moteurs de recherche.","breadcrumb":{"@id":"https:\/\/creation-site-internet-gard.com\/index.php\/referencement_hebergement\/#breadcrumb"},"inLanguage":"fr-FR","potentialAction":[{"@type":"ReadAction","target":["https:\/\/creation-site-internet-gard.com\/index.php\/referencement_hebergement\/"]}]},{"@type":"BreadcrumbList","@id":"https:\/\/creation-site-internet-gard.com\/index.php\/referencement_hebergement\/#breadcrumb","itemListElement":[{"@type":"ListItem","position":1,"name":"Accueil","item":"https:\/\/creation-site-internet-gard.com\/"},{"@type":"ListItem","position":2,"name":"Referencement"}]},{"@type":"WebSite","@id":"https:\/\/creation-site-internet-gard.com\/#website","url":"https:\/\/creation-site-internet-gard.com\/","name":"Media web vision","description":"Cr\u00e9ateur de site internet dans le Gard et l&#039;Ard\u00e8che","publisher":{"@id":"https:\/\/creation-site-internet-gard.com\/#organization"},"potentialAction":[{"@type":"SearchAction","target":{"@type":"EntryPoint","urlTemplate":"https:\/\/creation-site-internet-gard.com\/?s={search_term_string}"},"query-input":{"@type":"PropertyValueSpecification","valueRequired":true,"valueName":"search_term_string"}}],"inLanguage":"fr-FR"},{"@type":"Organization","@id":"https:\/\/creation-site-internet-gard.com\/#organization","name":"Media web vision","url":"https:\/\/creation-site-internet-gard.com\/","logo":{"@type":"ImageObject","inLanguage":"fr-FR","@id":"https:\/\/creation-site-internet-gard.com\/#\/schema\/logo\/image\/","url":"https:\/\/creation-site-internet-gard.com\/wp-content\/uploads\/2024\/01\/logo-media-web-vision-nb.png","contentUrl":"https:\/\/creation-site-internet-gard.com\/wp-content\/uploads\/2024\/01\/logo-media-web-vision-nb.png","width":1515,"height":854,"caption":"Media web vision"},"image":{"@id":"https:\/\/creation-site-internet-gard.com\/#\/schema\/logo\/image\/"},"sameAs":["https:\/\/www.facebook.com\/gabriel.montaigulancelin.7\/"]}]}},"_links":{"self":[{"href":"https:\/\/creation-site-internet-gard.com\/index.php\/wp-json\/wp\/v2\/pages\/2","targetHints":{"allow":["GET"]}}],"collection":[{"href":"https:\/\/creation-site-internet-gard.com\/index.php\/wp-json\/wp\/v2\/pages"}],"about":[{"href":"https:\/\/creation-site-internet-gard.com\/index.php\/wp-json\/wp\/v2\/types\/page"}],"author":[{"embeddable":true,"href":"https:\/\/creation-site-internet-gard.com\/index.php\/wp-json\/wp\/v2\/users\/1"}],"replies":[{"embeddable":true,"href":"https:\/\/creation-site-internet-gard.com\/index.php\/wp-json\/wp\/v2\/comments?post=2"}],"version-history":[{"count":3,"href":"https:\/\/creation-site-internet-gard.com\/index.php\/wp-json\/wp\/v2\/pages\/2\/revisions"}],"predecessor-version":[{"id":102,"href":"https:\/\/creation-site-internet-gard.com\/index.php\/wp-json\/wp\/v2\/pages\/2\/revisions\/102"}],"wp:attachment":[{"href":"https:\/\/creation-site-internet-gard.com\/index.php\/wp-json\/wp\/v2\/media?parent=2"}],"curies":[{"name":"wp","href":"https:\/\/api.w.org\/{rel}","templated":true}]}}